{"id":13170,"date":"2017-02-06T16:18:43","date_gmt":"2017-02-06T16:18:43","guid":{"rendered":"http:\/\/topfit.mikado-themes.com\/?page_id=13170"},"modified":"2023-01-24T21:33:17","modified_gmt":"2023-01-25T00:33:17","slug":"servicios","status":"publish","type":"page","link":"https:\/\/www.olympicgym.cl\/las-condes\/servicios\/","title":{"rendered":"Servicios"},"content":{"rendered":"<p>[vc_row][vc_column][vc_empty_space height=\u00bb100px\u00bb][vc_column_text]<\/p>\n<h4 style=\"text-align: center; font-weight: normal;\">Nuestro gimnasio, adem\u00e1s de contar con un equipo de profesores de vasta experiencia en sistemas de entrenamiento y clases dirigidas, posee una infraestructura de excelencia que nos permite satisfacer las exigentes necesidades de nuestros socios.<\/h4>\n<p>[\/vc_column_text][\/vc_column][\/vc_row][vc_row content_width=\u00bbgrid\u00bb content_aligment=\u00bbcenter\u00bb css=\u00bb.vc_custom_1598218871678{padding-top: 124px !important;padding-bottom: 106px !important;background-color: #ffffff !important;background-position: center !important;background-repeat: no-repeat !important;background-size: cover !important;}\u00bb][vc_column width=\u00bb1\/4&#8243;]<div  class=\"mkd-icon-list-item mkd-icon-list-item-default-font-family\">\n\t<div class=\"mkd-icon-list-icon-holder\">\n\t\t<div class=\"mkd-icon-list-icon-holder-inner clearfix\">\n\t\t\t<i class=\"mkd-icon-font-awesome fa fa-child \" style=\"font-size:30px\" ><\/i>\t\t<\/div>\n\t<\/div>\n\t<p class=\"mkd-icon-list-text\" >\n\t\t<span class=\"mkd-icon-list-title\"  >\n\t\t\tSALA MUSCULACI\u00d3N\t\t<\/span>\n\t\t<span class=\"mkd-icon-list-subtitle\">\n\t\t\t\t\t<\/span>\n\t<\/p>\n<\/div>[vc_column_text]<\/p>\n<p style=\"text-align: left;\">Con m\u00e1s de 260 mts2 y maquinaria de \u00faltima generaci\u00f3n (Cybex, Precor, Body Solid, Hammer, Life Fitness, entre otras).<\/p>\n<p>[\/vc_column_text][vc_empty_space height=\u00bb10px\u00bb]<div  class=\"mkd-icon-list-item mkd-icon-list-item-default-font-family\">\n\t<div class=\"mkd-icon-list-icon-holder\">\n\t\t<div class=\"mkd-icon-list-icon-holder-inner clearfix\">\n\t\t\t<i class=\"mkd-icon-font-awesome fa fa-heartbeat \" style=\"font-size:30px\" ><\/i>\t\t<\/div>\n\t<\/div>\n\t<p class=\"mkd-icon-list-text\" >\n\t\t<span class=\"mkd-icon-list-title\"  >\n\t\t\tSALA CARDIOVASCULAR\t\t<\/span>\n\t\t<span class=\"mkd-icon-list-subtitle\">\n\t\t\t\t\t<\/span>\n\t<\/p>\n<\/div>[vc_column_text]<\/p>\n<p style=\"text-align: left;\">Amplia sala en la que destaca el moderno equipamiento Life Fitness.<\/p>\n<p>[\/vc_column_text][vc_empty_space height=\u00bb10px\u00bb]<div  class=\"mkd-icon-list-item mkd-icon-list-item-default-font-family\">\n\t<div class=\"mkd-icon-list-icon-holder\">\n\t\t<div class=\"mkd-icon-list-icon-holder-inner clearfix\">\n\t\t\t<i class=\"mkd-icon-font-awesome fa fa-group \" style=\"font-size:30px\" ><\/i>\t\t<\/div>\n\t<\/div>\n\t<p class=\"mkd-icon-list-text\" >\n\t\t<span class=\"mkd-icon-list-title\"  >\n\t\t\tENTRENAMIENTO FUNCIONAL\t\t<\/span>\n\t\t<span class=\"mkd-icon-list-subtitle\">\n\t\t\t\t\t<\/span>\n\t<\/p>\n<\/div>[vc_column_text]<\/p>\n<p style=\"text-align: left;\">C\u00f3modo y equipado sector de entrenamiento funcional.<\/p>\n<p>[\/vc_column_text][vc_empty_space height=\u00bb10px\u00bb]<div  class=\"mkd-icon-list-item mkd-icon-list-item-default-font-family\">\n\t<div class=\"mkd-icon-list-icon-holder\">\n\t\t<div class=\"mkd-icon-list-icon-holder-inner clearfix\">\n\t\t\t<i class=\"mkd-icon-font-awesome fa fa-music \" style=\"font-size:30px\" ><\/i>\t\t<\/div>\n\t<\/div>\n\t<p class=\"mkd-icon-list-text\" >\n\t\t<span class=\"mkd-icon-list-title\"  >\n\t\t\tSALA MULTIUSO\t\t<\/span>\n\t\t<span class=\"mkd-icon-list-subtitle\">\n\t\t\t\t\t<\/span>\n\t<\/p>\n<\/div>[vc_column_text]<\/p>\n<p style=\"text-align: left;\">Sala multiuso con m\u00e1s de 130 mts2.<\/p>\n<p>[\/vc_column_text][vc_empty_space height=\u00bb10px\u00bb]<div  class=\"mkd-icon-list-item mkd-icon-list-item-default-font-family\">\n\t<div class=\"mkd-icon-list-icon-holder\">\n\t\t<div class=\"mkd-icon-list-icon-holder-inner clearfix\">\n\t\t\t<i class=\"mkd-icon-font-awesome fa fa-circle-thin \" style=\"font-size:30px\" ><\/i>\t\t<\/div>\n\t<\/div>\n\t<p class=\"mkd-icon-list-text\" >\n\t\t<span class=\"mkd-icon-list-title\"  >\n\t\t\tSPINNING\t\t<\/span>\n\t\t<span class=\"mkd-icon-list-subtitle\">\n\t\t\t\t\t<\/span>\n\t<\/p>\n<\/div>[vc_column_text]<\/p>\n<p style=\"text-align: left;\">Sala exclusiva de spinning de 60 mts2.<\/p>\n<p>[\/vc_column_text][vc_empty_space height=\u00bb10px\u00bb]<div  class=\"mkd-icon-list-item mkd-icon-list-item-default-font-family\">\n\t<div class=\"mkd-icon-list-icon-holder\">\n\t\t<div class=\"mkd-icon-list-icon-holder-inner clearfix\">\n\t\t\t<i class=\"mkd-icon-font-awesome fa fa-forumbee \" style=\"font-size:30px\" ><\/i>\t\t<\/div>\n\t<\/div>\n\t<p class=\"mkd-icon-list-text\" >\n\t\t<span class=\"mkd-icon-list-title\"  >\n\t\t\tPILATES\t\t<\/span>\n\t\t<span class=\"mkd-icon-list-subtitle\">\n\t\t\t\t\t<\/span>\n\t<\/p>\n<\/div>[vc_column_text]<\/p>\n<p style=\"text-align: left;\">Exclusiva Sala de Pilates de m\u00e1s de 80 mts2 con espectaculares reformers profesionales.<\/p>\n<p>[\/vc_column_text][\/vc_column][vc_column width=\u00bb1\/2&#8243;][vc_single_image image=\u00bb16225&#8243; img_size=\u00bbfull\u00bb alignment=\u00bbcenter\u00bb][\/vc_column][vc_column width=\u00bb1\/4&#8243;]<div  class=\"mkd-icon-list-item mkd-icon-list-item-default-font-family\">\n\t<div class=\"mkd-icon-list-icon-holder\">\n\t\t<div class=\"mkd-icon-list-icon-holder-inner clearfix\">\n\t\t\t<i class=\"mkd-icon-font-awesome fa fa-medkit \" style=\"font-size:30px\" ><\/i>\t\t<\/div>\n\t<\/div>\n\t<p class=\"mkd-icon-list-text\" >\n\t\t<span class=\"mkd-icon-list-title\"  >\n\t\t\tEVALUACIONES\t\t<\/span>\n\t\t<span class=\"mkd-icon-list-subtitle\">\n\t\t\t\t\t<\/span>\n\t<\/p>\n<\/div>[vc_column_text]<\/p>\n<p style=\"text-align: left;\">Sala para evaluaciones personalizadas, control de peso, etc.<\/p>\n<p>[\/vc_column_text][vc_empty_space height=\u00bb10px\u00bb]<div  class=\"mkd-icon-list-item mkd-icon-list-item-default-font-family\">\n\t<div class=\"mkd-icon-list-icon-holder\">\n\t\t<div class=\"mkd-icon-list-icon-holder-inner clearfix\">\n\t\t\t<i class=\"mkd-icon-font-awesome fa fa-sun-o \" style=\"font-size:30px\" ><\/i>\t\t<\/div>\n\t<\/div>\n\t<p class=\"mkd-icon-list-text\" >\n\t\t<span class=\"mkd-icon-list-title\"  >\n\t\t\tSOLARIUM\t\t<\/span>\n\t\t<span class=\"mkd-icon-list-subtitle\">\n\t\t\t\t\t<\/span>\n\t<\/p>\n<\/div>[vc_column_text]<\/p>\n<p style=\"text-align: left;\">Sala con sol\u00e1rium horizontal tipo cama.<\/p>\n<p>[\/vc_column_text][vc_empty_space height=\u00bb10px\u00bb]<div  class=\"mkd-icon-list-item mkd-icon-list-item-default-font-family\">\n\t<div class=\"mkd-icon-list-icon-holder\">\n\t\t<div class=\"mkd-icon-list-icon-holder-inner clearfix\">\n\t\t\t<i class=\"mkd-icon-font-awesome fa fa-lock \" style=\"font-size:30px\" ><\/i>\t\t<\/div>\n\t<\/div>\n\t<p class=\"mkd-icon-list-text\" >\n\t\t<span class=\"mkd-icon-list-title\"  >\n\t\t\tLOCKERS\t\t<\/span>\n\t\t<span class=\"mkd-icon-list-subtitle\">\n\t\t\t\t\t<\/span>\n\t<\/p>\n<\/div>[vc_column_text]<\/p>\n<p style=\"text-align: left;\">Camarines con lockers con llave personal.<\/p>\n<p>[\/vc_column_text][vc_empty_space height=\u00bb10px\u00bb]<div  class=\"mkd-icon-list-item mkd-icon-list-item-default-font-family\">\n\t<div class=\"mkd-icon-list-icon-holder\">\n\t\t<div class=\"mkd-icon-list-icon-holder-inner clearfix\">\n\t\t\t<i class=\"mkd-icon-font-awesome fa fa-bicycle \" style=\"font-size:30px\" ><\/i>\t\t<\/div>\n\t<\/div>\n\t<p class=\"mkd-icon-list-text\" >\n\t\t<span class=\"mkd-icon-list-title\"  >\n\t\t\tBICICLETERO\t\t<\/span>\n\t\t<span class=\"mkd-icon-list-subtitle\">\n\t\t\t\t\t<\/span>\n\t<\/p>\n<\/div>[vc_column_text]<\/p>\n<p style=\"text-align: left;\">Contamos con bicicletero de alta resistencia.<\/p>\n<p>[\/vc_column_text][vc_empty_space height=\u00bb10px\u00bb]<div  class=\"mkd-icon-list-item mkd-icon-list-item-default-font-family\">\n\t<div class=\"mkd-icon-list-icon-holder\">\n\t\t<div class=\"mkd-icon-list-icon-holder-inner clearfix\">\n\t\t\t<i class=\"mkd-icon-font-awesome fa fa-wifi \" style=\"font-size:30px\" ><\/i>\t\t<\/div>\n\t<\/div>\n\t<p class=\"mkd-icon-list-text\" >\n\t\t<span class=\"mkd-icon-list-title\"  >\n\t\t\tWiFi\t\t<\/span>\n\t\t<span class=\"mkd-icon-list-subtitle\">\n\t\t\t\t\t<\/span>\n\t<\/p>\n<\/div>[vc_column_text]<\/p>\n<p style=\"text-align: left;\">Conecta tus dispositivos a nuestra red WiFi gratuita.<\/p>\n<p>[\/vc_column_text][vc_empty_space height=\u00bb10px\u00bb]<div  class=\"mkd-icon-list-item mkd-icon-list-item-default-font-family\">\n\t<div class=\"mkd-icon-list-icon-holder\">\n\t\t<div class=\"mkd-icon-list-icon-holder-inner clearfix\">\n\t\t\t<i class=\"mkd-icon-font-awesome fa fa-car \" style=\"font-size:30px\" ><\/i>\t\t<\/div>\n\t<\/div>\n\t<p class=\"mkd-icon-list-text\" >\n\t\t<span class=\"mkd-icon-list-title\"  >\n\t\t\tESTACIONAMIENTO\t\t<\/span>\n\t\t<span class=\"mkd-icon-list-subtitle\">\n\t\t\t\t\t<\/span>\n\t<\/p>\n<\/div>[vc_column_text]<\/p>\n<p style=\"text-align: left;\">Ven en el veh\u00edculo motorizado que gustes.<\/p>\n<p>[\/vc_column_text][vc_empty_space height=\u00bb10px\u00bb]<div  class=\"mkd-icon-list-item mkd-icon-list-item-default-font-family\">\n\t<div class=\"mkd-icon-list-icon-holder\">\n\t\t<div class=\"mkd-icon-list-icon-holder-inner clearfix\">\n\t\t\t<i class=\"mkd-icon-font-awesome fa fa-snowflake-o \" style=\"font-size:30px\" ><\/i>\t\t<\/div>\n\t<\/div>\n\t<p class=\"mkd-icon-list-text\" >\n\t\t<span class=\"mkd-icon-list-title\"  >\n\t\t\tAC\t\t<\/span>\n\t\t<span class=\"mkd-icon-list-subtitle\">\n\t\t\t\t\t<\/span>\n\t<\/p>\n<\/div>[vc_column_text]<\/p>\n<p style=\"text-align: left;\">\u00c1reas climatizadas.<\/p>\n<p>[\/vc_column_text][vc_empty_space height=\u00bb10px\u00bb][\/vc_column][\/vc_row]<\/p>\n","protected":false},"excerpt":{"rendered":"<p>[vc_row][vc_column][vc_empty_space height=\u00bb100px\u00bb][vc_column_text] Nuestro gimnasio, adem\u00e1s de contar con un equipo de profesores de vasta experiencia en sistemas de entrenamiento y clases dirigidas, posee una infraestructura de excelencia que nos permite satisfacer las exigentes necesidades de nuestros socios. [\/vc_column_text][\/vc_column][\/vc_row][vc_row content_width=\u00bbgrid\u00bb content_aligment=\u00bbcenter\u00bb css=\u00bb.vc_custom_1598218871678{padding-top: 124px !important;padding-bottom: 106px !important;background-color:&#8230;<\/p>\n","protected":false},"author":1,"featured_media":0,"parent":0,"menu_order":0,"comment_status":"closed","ping_status":"closed","template":"full-width.php","meta":{"ngg_post_thumbnail":0},"_links":{"self":[{"href":"https:\/\/www.olympicgym.cl\/las-condes\/wp-json\/wp\/v2\/pages\/13170"}],"collection":[{"href":"https:\/\/www.olympicgym.cl\/las-condes\/wp-json\/wp\/v2\/pages"}],"about":[{"href":"https:\/\/www.olympicgym.cl\/las-condes\/wp-json\/wp\/v2\/types\/page"}],"author":[{"embeddable":true,"href":"https:\/\/www.olympicgym.cl\/las-condes\/wp-json\/wp\/v2\/users\/1"}],"replies":[{"embeddable":true,"href":"https:\/\/www.olympicgym.cl\/las-condes\/wp-json\/wp\/v2\/comments?post=13170"}],"version-history":[{"count":4,"href":"https:\/\/www.olympicgym.cl\/las-condes\/wp-json\/wp\/v2\/pages\/13170\/revisions"}],"predecessor-version":[{"id":16319,"href":"https:\/\/www.olympicgym.cl\/las-condes\/wp-json\/wp\/v2\/pages\/13170\/revisions\/16319"}],"wp:attachment":[{"href":"https:\/\/www.olympicgym.cl\/las-condes\/wp-json\/wp\/v2\/media?parent=13170"}],"curies":[{"name":"wp","href":"https:\/\/api.w.org\/{rel}","templated":true}]}}