{"id":16227,"date":"2020-09-10T04:04:15","date_gmt":"2020-09-10T04:04:15","guid":{"rendered":"http:\/\/www.olympicgym.cl\/las-condes\/?page_id=16227"},"modified":"2022-02-02T15:24:59","modified_gmt":"2022-02-02T18:24:59","slug":"solarium","status":"publish","type":"page","link":"https:\/\/www.olympicgym.cl\/las-condes\/solarium\/","title":{"rendered":"Solarium"},"content":{"rendered":"<p>[vc_row][vc_column]<div class=\"mkd-elements-holder mkd-responsive-mode-768\" ><div class=\"mkd-elements-holder-item mkd-width-1-2 mkd-horizontal-alignment-left\"  style=\"background-image: url(https:\/\/www.olympicgym.cl\/las-condes\/wp-content\/uploads\/sites\/2\/2020\/09\/Solarium-1.jpg)\">\n\t<div class=\"mkd-elements-holder-item-inner\">\n\t\t<div class=\"mkd-elements-holder-item-content mkd-elements-holder-custom-758713\" style=\"padding: 0 0 0 0\">\n\t\t\t\t\t\t\t<style type=\"text\/css\" data-type=\"mkd-elements-custom-padding\" scoped>\n\t\t\t\t\t\t\t\t\t\t\t\t\t\t\t\t\t\t\t\t\t\t\t\t\t@media only screen and (min-width: 600px) and (max-width: 768px) {\n\t\t\t\t\t\t.mkd-elements-holder .mkd-elements-holder-item-content.mkd-elements-holder-custom-758713 {\n\t\t\t\t\t\t\tpadding: 36% 0 36% 0 !important;\n\t\t\t\t\t\t}\n\t\t\t\t\t}\n\n\t\t\t\t\t\t\t\t\t\t\t\t\t\t\t\t\t\t\t\t@media only screen and (max-width: 480px) {\n\t\t\t\t\t\t.mkd-elements-holder .mkd-elements-holder-item-content.mkd-elements-holder-custom-758713 {\n\t\t\t\t\t\t\tpadding: 98px 0px 109px 0px !important;\n\t\t\t\t\t\t}\n\t\t\t\t\t}\n\n\t\t\t\t\t\t\t\t\t<\/style>\n\t\t\t            \t\t\t                \t\t<\/div>\n\t<\/div>\n<\/div><div class=\"mkd-elements-holder-item mkd-width-1-2 mkd-horizontal-alignment-left\"  >\n\t<div class=\"mkd-elements-holder-item-inner\">\n\t\t<div class=\"mkd-elements-holder-item-content mkd-elements-holder-custom-837756\" style=\"padding: 23% 19% 23% 19%\">\n\t\t\t\t\t\t\t<style type=\"text\/css\" data-type=\"mkd-elements-custom-padding\" scoped>\n\t\t\t\t\t\t\t\t\t\t@media only screen and (min-width: 1280px) and (max-width: 1440px) {\n\t\t\t\t\t\t.mkd-elements-holder .mkd-elements-holder-item-content.mkd-elements-holder-custom-837756 {\n\t\t\t\t\t\t\tpadding: 23% 9% 23% 9% !important;\n\t\t\t\t\t\t}\n\t\t\t\t\t}\n\n\t\t\t\t\t\t\t\t\t\t\t\t\t\t\t@media only screen and (min-width: 1024px) and (max-width: 1280px) {\n\t\t\t\t\t\t.mkd-elements-holder .mkd-elements-holder-item-content.mkd-elements-holder-custom-837756 {\n\t\t\t\t\t\t\tpadding: 23% 9% 23% 10% !important;\n\t\t\t\t\t\t}\n\t\t\t\t\t}\n\n\t\t\t\t\t\t\t\t\t\t\t\t\t\t\t@media only screen and (min-width: 768px) and (max-width: 1024px) {\n\t\t\t\t\t\t.mkd-elements-holder .mkd-elements-holder-item-content.mkd-elements-holder-custom-837756 {\n\t\t\t\t\t\t\tpadding: 23% 5% 23% 5% !important;\n\t\t\t\t\t\t}\n\t\t\t\t\t}\n\n\t\t\t\t\t\t\t\t\t\t\t\t\t\t\t@media only screen and (min-width: 600px) and (max-width: 768px) {\n\t\t\t\t\t\t.mkd-elements-holder .mkd-elements-holder-item-content.mkd-elements-holder-custom-837756 {\n\t\t\t\t\t\t\tpadding: 15% 15% 15% 15% !important;\n\t\t\t\t\t\t}\n\t\t\t\t\t}\n\n\t\t\t\t\t\t\t\t\t\t\t\t\t\t\t@media only screen and (min-width: 480px) and (max-width: 600px) {\n\t\t\t\t\t\t.mkd-elements-holder .mkd-elements-holder-item-content.mkd-elements-holder-custom-837756 {\n\t\t\t\t\t\t\tpadding: 15% 13% 15% 14% !important;\n\t\t\t\t\t\t}\n\t\t\t\t\t}\n\n\t\t\t\t\t\t\t\t\t\t\t\t\t\t\t@media only screen and (max-width: 480px) {\n\t\t\t\t\t\t.mkd-elements-holder .mkd-elements-holder-item-content.mkd-elements-holder-custom-837756 {\n\t\t\t\t\t\t\tpadding: 23% 4% 23% 4% !important;\n\t\t\t\t\t\t}\n\t\t\t\t\t}\n\n\t\t\t\t\t\t\t\t\t<\/style>\n\t\t\t            \t\t\t    [vc_column_text]<\/p>\n<h3><span style=\"color: #00cad8;\">SOL\u00c1RIUM<\/span><\/h3>\n<p>[\/vc_column_text][vc_empty_space height=\u00bb17px\u00bb]<div class=\"mkd-section-title-holder\">\n\t<h2 class=\"mkd-section-title mkd-section-title-medium mkd-section-title-left\" style=\"text-align: left\">\n\tA PRECIOS INSUPERABLES<\/h2>\n<\/div>[vc_column_text]<\/p>\n<p style=\"text-transform: uppercase; font-weight: lighter;\">Consigue un bronceado perfecto y homog\u00e9neo en nuestro sol\u00e1rium que funciona a su m\u00e1xima capacidad con renovados tubos para cuerpo y rostro. \u00a1An\u00edmate, nuestros precios son insuperables!<\/p>\n<p style=\"text-transform: uppercase; font-weight: lighter;\">Cada sesi\u00f3n tiene una duraci\u00f3n de 15 minutos.<\/p>\n<p>[\/vc_column_text]            \t\t<\/div>\n\t<\/div>\n<\/div><\/div>[\/vc_column][\/vc_row][vc_row][vc_column]<div class=\"mkd-elements-holder mkd-responsive-mode-768\" ><div class=\"mkd-elements-holder-item mkd-width-1-2 mkd-horizontal-alignment-left\"  >\n\t<div class=\"mkd-elements-holder-item-inner\">\n\t\t<div class=\"mkd-elements-holder-item-content mkd-elements-holder-custom-376261\" style=\"padding: 23% 19% 23% 19%\">\n\t\t\t\t\t\t\t<style type=\"text\/css\" data-type=\"mkd-elements-custom-padding\" scoped>\n\t\t\t\t\t\t\t\t\t\t@media only screen and (min-width: 1280px) and (max-width: 1440px) {\n\t\t\t\t\t\t.mkd-elements-holder .mkd-elements-holder-item-content.mkd-elements-holder-custom-376261 {\n\t\t\t\t\t\t\tpadding: 23% 9% 23% 9% !important;\n\t\t\t\t\t\t}\n\t\t\t\t\t}\n\n\t\t\t\t\t\t\t\t\t\t\t\t\t\t\t@media only screen and (min-width: 1024px) and (max-width: 1280px) {\n\t\t\t\t\t\t.mkd-elements-holder .mkd-elements-holder-item-content.mkd-elements-holder-custom-376261 {\n\t\t\t\t\t\t\tpadding: 23% 9% 23% 10% !important;\n\t\t\t\t\t\t}\n\t\t\t\t\t}\n\n\t\t\t\t\t\t\t\t\t\t\t\t\t\t\t@media only screen and (min-width: 768px) and (max-width: 1024px) {\n\t\t\t\t\t\t.mkd-elements-holder .mkd-elements-holder-item-content.mkd-elements-holder-custom-376261 {\n\t\t\t\t\t\t\tpadding: 23% 7% 23% 7% !important;\n\t\t\t\t\t\t}\n\t\t\t\t\t}\n\n\t\t\t\t\t\t\t\t\t\t\t\t\t\t\t@media only screen and (min-width: 600px) and (max-width: 768px) {\n\t\t\t\t\t\t.mkd-elements-holder .mkd-elements-holder-item-content.mkd-elements-holder-custom-376261 {\n\t\t\t\t\t\t\tpadding: 15% 15% 15% 15% !important;\n\t\t\t\t\t\t}\n\t\t\t\t\t}\n\n\t\t\t\t\t\t\t\t\t\t\t\t\t\t\t@media only screen and (min-width: 480px) and (max-width: 600px) {\n\t\t\t\t\t\t.mkd-elements-holder .mkd-elements-holder-item-content.mkd-elements-holder-custom-376261 {\n\t\t\t\t\t\t\tpadding: 15% 12% 15% 14% !important;\n\t\t\t\t\t\t}\n\t\t\t\t\t}\n\n\t\t\t\t\t\t\t\t\t\t\t\t\t\t\t@media only screen and (max-width: 480px) {\n\t\t\t\t\t\t.mkd-elements-holder .mkd-elements-holder-item-content.mkd-elements-holder-custom-376261 {\n\t\t\t\t\t\t\tpadding: 23% 3% 23% 5% !important;\n\t\t\t\t\t\t}\n\t\t\t\t\t}\n\n\t\t\t\t\t\t\t\t\t<\/style>\n\t\t\t            \t\t\t    [vc_column_text]<\/p>\n<h3><span style=\"color: #00cad8;\">10 SESIONES A $19.900<\/span><\/h3>\n<p>[\/vc_column_text]<div class=\"mkd-section-title-holder\">\n\t<h2 class=\"mkd-section-title mkd-section-title-medium mkd-section-title-left\" style=\"text-align: left\">\n\tPROMOCI\u00d3N<\/h2>\n<\/div>[vc_empty_space height=\u00bb17px\u00bb][vc_column_text]<\/p>\n<p style=\"text-transform: uppercase; font-weight: lighter;\"><strong>Valores:<\/strong><\/p>\n<p style=\"text-transform: uppercase; font-weight: lighter;\">$3.000 x 1 sesi\u00f3n<\/p>\n<p style=\"text-transform: uppercase; font-weight: lighter;\">$12.900 x 5 sesiones<\/p>\n<p style=\"text-transform: uppercase; font-weight: lighter;\">$19.900 x 10 sesiones<\/p>\n<p>[\/vc_column_text]            \t\t<\/div>\n\t<\/div>\n<\/div><div class=\"mkd-elements-holder-item mkd-width-1-2 mkd-horizontal-alignment-left\"  style=\"background-image: url(https:\/\/www.olympicgym.cl\/las-condes\/wp-content\/uploads\/sites\/2\/2020\/09\/a-solarium-1.png)\">\n\t<div class=\"mkd-elements-holder-item-inner\">\n\t\t<div class=\"mkd-elements-holder-item-content mkd-elements-holder-custom-123569\" style=\"padding: 0 0 0 0\">\n\t\t\t\t\t\t\t<style type=\"text\/css\" data-type=\"mkd-elements-custom-padding\" scoped>\n\t\t\t\t\t\t\t\t\t\t\t\t\t\t\t\t\t\t\t\t\t\t\t\t\t@media only screen and (min-width: 600px) and (max-width: 768px) {\n\t\t\t\t\t\t.mkd-elements-holder .mkd-elements-holder-item-content.mkd-elements-holder-custom-123569 {\n\t\t\t\t\t\t\tpadding: 36% 0 36% 0 !important;\n\t\t\t\t\t\t}\n\t\t\t\t\t}\n\n\t\t\t\t\t\t\t\t\t\t\t\t\t\t\t\t\t\t\t\t@media only screen and (max-width: 480px) {\n\t\t\t\t\t\t.mkd-elements-holder .mkd-elements-holder-item-content.mkd-elements-holder-custom-123569 {\n\t\t\t\t\t\t\tpadding: 107px 0 107px 0 !important;\n\t\t\t\t\t\t}\n\t\t\t\t\t}\n\n\t\t\t\t\t\t\t\t\t<\/style>\n\t\t\t            \t\t\t                \t\t<\/div>\n\t<\/div>\n<\/div><\/div>[\/vc_column][\/vc_row]<\/p>\n","protected":false},"excerpt":{"rendered":"<p>[vc_row][vc_column][\/vc_column][\/vc_row][vc_row][vc_column][\/vc_column][\/vc_row]<\/p>\n","protected":false},"author":1,"featured_media":0,"parent":0,"menu_order":0,"comment_status":"closed","ping_status":"closed","template":"full-width.php","meta":{"ngg_post_thumbnail":0},"_links":{"self":[{"href":"https:\/\/www.olympicgym.cl\/las-condes\/wp-json\/wp\/v2\/pages\/16227"}],"collection":[{"href":"https:\/\/www.olympicgym.cl\/las-condes\/wp-json\/wp\/v2\/pages"}],"about":[{"href":"https:\/\/www.olympicgym.cl\/las-condes\/wp-json\/wp\/v2\/types\/page"}],"author":[{"embeddable":true,"href":"https:\/\/www.olympicgym.cl\/las-condes\/wp-json\/wp\/v2\/users\/1"}],"replies":[{"embeddable":true,"href":"https:\/\/www.olympicgym.cl\/las-condes\/wp-json\/wp\/v2\/comments?post=16227"}],"version-history":[{"count":8,"href":"https:\/\/www.olympicgym.cl\/las-condes\/wp-json\/wp\/v2\/pages\/16227\/revisions"}],"predecessor-version":[{"id":94993,"href":"https:\/\/www.olympicgym.cl\/las-condes\/wp-json\/wp\/v2\/pages\/16227\/revisions\/94993"}],"wp:attachment":[{"href":"https:\/\/www.olympicgym.cl\/las-condes\/wp-json\/wp\/v2\/media?parent=16227"}],"curies":[{"name":"wp","href":"https:\/\/api.w.org\/{rel}","templated":true}]}}